{"id":1729,"date":"2026-03-03T11:52:09","date_gmt":"2026-03-03T11:52:09","guid":{"rendered":"https:\/\/tenniscoach.se\/?page_id=1729"},"modified":"2026-03-04T00:06:45","modified_gmt":"2026-03-04T00:06:45","slug":"consensus-agreement-the-elite-rog-competition-team","status":"publish","type":"page","link":"https:\/\/tenniscoach.se\/sv\/consensus-agreement-the-elite-rog-competition-team\/","title":{"rendered":"The elite team standards: Our commitment to competitive excellence"},"content":{"rendered":"<div class=\"wp-block-stackable-columns alignwide stk-block-columns stk-block stk-36b7528 stk-block-background stk--has-background-overlay\" data-block-id=\"36b7528\"><style>.stk-36b7528 {background-color:transparent !important;background-image:url(https:\/\/tenniscoach.se\/wp-content\/uploads\/2026\/02\/kids-outdoor-playing-tennis-in-community.webp) !important;background-position:center center !important;background-repeat:no-repeat !important;background-size:cover !important;border-top-left-radius:20px !important;border-top-right-radius:20px !important;overflow:hidden !important;padding-top:120px !important;padding-right:80px !important;padding-bottom:100px !important;padding-left:80px !important;margin-bottom:0px !important;}.stk-36b7528:before{opacity:0.9 !important;background-image:linear-gradient(90deg,rgb(0,83,47) 33%,rgba(14,94,41,0.74) 49%,rgba(60,186,146,0) 65%) !important;}@media screen and (max-width:689px){.stk-36b7528 {padding-top:100px !important;padding-right:25px !important;padding-bottom:60px !important;padding-left:25px !important;}}<\/style><div class=\"stk-row stk-inner-blocks has-text-align-center-tablet has-text-align-center-mobile stk-block-content stk-content-align stk-36b7528-column\">\n<div class=\"wp-block-stackable-column stk-block-column stk-column stk-block stk-d8eb90c\" data-v=\"4\" data-block-id=\"d8eb90c\"><style>.stk-d8eb90c-container{margin-top:0px !important;margin-right:0px !important;margin-bottom:0px !important;margin-left:0px !important;max-width:60% !important;min-width:auto !important;}<\/style><div class=\"stk-column-wrapper stk-block-column__content stk-container stk-d8eb90c-container stk--no-background stk--no-padding\"><div class=\"stk-block-content stk-inner-blocks stk-d8eb90c-inner-blocks\">\n<h1 class=\"wp-block-heading\"><span style=\"color: #fffffe;\" class=\"stk-highlight\">The elite team standards: Our commitment to competitive excellence<\/span><\/h1>\n\n\n\n<div class=\"wp-block-stackable-text stk-block-text stk-block stk-7618557\" data-block-id=\"7618557\"><style>.stk-7618557 {margin-bottom:30px !important;}.stk-7618557 .stk-block-text__text{font-size:16px !important;color:var(--theme-palette-color-8, #ffffff) !important;font-weight:500 !important;}@media screen and (max-width:999px){.stk-7618557 {max-width:80% !important;min-width:auto !important;}.stk-7618557 .stk-block-text__text{font-size:16px !important;}}@media screen and (max-width:689px){.stk-7618557 {max-width:100% !important;min-width:auto !important;}}<\/style><p class=\"stk-block-text__text has-text-color has-palette-color-8-color has-text-align-left\">This document serves as a guide to ensure that the parents&#8217; commitment matches the high-performance expectations of the academy.<\/p><\/div>\n<\/div><\/div><\/div>\n<\/div><\/div>\n\n\n\n<div class=\"wp-block-stackable-columns alignwide stk-block-columns stk-block stk-15ecff4 stk-block-background stk--has-background-overlay\" data-block-id=\"15ecff4\"><style>.stk-15ecff4 {background-color:linear-gradient(135deg,rgb(247,86,0) 0%,rgb(199,81,192) 50%,rgb(65,88,208) 100%) !important;border-bottom-right-radius:20px !important;border-bottom-left-radius:20px !important;overflow:hidden !important;padding-top:30px !important;padding-right:50px !important;padding-bottom:30px !important;padding-left:50px !important;margin-bottom:0px !important;}.stk-15ecff4:before{background-image:linear-gradient(135deg,rgb(247,86,0) 0%,rgb(199,81,192) 50%,rgb(65,88,208) 100%) !important;}.stk-15ecff4 > .stk-separator__top .stk-separator__wrapper{height:50px !important;}.stk-15ecff4 > .stk-separator__bottom .stk-separator__wrapper{height:80px !important;}@media screen and (max-width:689px){.stk-15ecff4 {padding-top:70px !important;padding-right:20px !important;padding-bottom:20px !important;padding-left:20px !important;}}<\/style><div class=\"stk-row stk-inner-blocks stk-block-content stk-content-align stk-15ecff4-column\">\n<div class=\"wp-block-stackable-column stk-block-column stk-column stk-block stk-b2c3fab\" data-v=\"4\" data-block-id=\"b2c3fab\"><style>.stk-b2c3fab {margin-right:50px !important;}@media screen and (min-width:690px){.stk-b2c3fab {flex:var(--stk-flex-grow, 1) 1 calc(70.6% - var(--stk-column-gap, 0px) * 1 \/ 2 ) !important;}}<\/style><div class=\"stk-column-wrapper stk-block-column__content stk-container stk-b2c3fab-container stk--no-background stk--no-padding\"><div class=\"stk-block-content stk-inner-blocks stk-b2c3fab-inner-blocks\">\n<div class=\"wp-block-stackable-text stk-block-text stk-block stk-090c04a\" data-block-id=\"090c04a\"><style>.stk-090c04a .stk-block-text__text{font-size:18px !important;color:var(--theme-palette-color-8, #ffffff) !important;font-weight:500 !important;}@media screen and (max-width:999px){.stk-090c04a .stk-block-text__text{font-size:18px !important;}}<\/style><p class=\"stk-block-text__text has-text-color\">\u00d6ver <strong>300,000<\/strong> passionerade spelare f\u00f6ljer oss redan. H\u00e4ng med du ocks\u00e5 och upplev tennis p\u00e5 ett helt nytt s\u00e4tt. <\/p><\/div>\n<\/div><\/div><\/div>\n\n\n\n<div class=\"wp-block-stackable-column stk-block-column stk-column stk-block stk-7c2ee3f\" data-v=\"4\" data-block-id=\"7c2ee3f\"><style>.stk-7c2ee3f-inner-blocks{justify-content:center !important;}.stk-7c2ee3f-container{display:flex !important;}@media screen and (min-width:690px){.stk-7c2ee3f {flex:var(--stk-flex-grow, 1) 1 calc(29.4% - var(--stk-column-gap, 0px) * 1 \/ 2 ) !important;}}@media screen and (max-width:689px){.stk-7c2ee3f-container{margin-top:0px !important;margin-right:0px !important;margin-bottom:0px !important;margin-left:0px !important;}}<\/style><div class=\"stk-column-wrapper stk-block-column__content stk-container stk-7c2ee3f-container stk--no-background stk--no-padding\"><div class=\"stk-block-content stk-inner-blocks stk-7c2ee3f-inner-blocks\">\n<div class=\"wp-block-stackable-button-group stk-block-button-group stk-block stk-957822e\" data-block-id=\"957822e\"><div class=\"stk-row stk-inner-blocks has-text-align-right stk-block-content stk-button-group\">\n<div class=\"wp-block-stackable-icon-button stk-block-icon-button stk-block stk-c66eb42\" data-block-id=\"c66eb42\"><style>.stk-c66eb42 .stk-button{background:#00000000 !important;}.stk-c66eb42 .stk-button:before{border-color:#3b5998 !important;}.stk-c66eb42 .stk-button .stk--inner-svg svg:last-child{height:24px !important;width:24px !important;}.stk-c66eb42 .stk-button .stk--inner-svg svg:last-child, .stk-c66eb42 .stk-button .stk--inner-svg svg:last-child :is(g, path, rect, polygon, ellipse){fill:#ffffff !important;}<\/style><a class=\"stk-link stk-button stk--hover-effect-darken\" href=\"https:\/\/www.facebook.com\/tenniscoach.se\" target=\"_blank\" rel=\"noreferrer noopener\"><span class=\"stk--svg-wrapper\"><div class=\"stk--inner-svg\"><svg xmlns=\"http:\/\/www.w3.org\/2000\/svg\" viewbox=\"0 0 320 512\" aria-hidden=\"true\" width=\"32\" height=\"32\"><path d=\"M80 299.3V512H196V299.3h86.5l18-97.8H196V166.9c0-51.7 20.3-71.5 72.7-71.5c16.3 0 29.4 .4 37 1.2V7.9C291.4 4 256.4 0 236.2 0C129.3 0 80 50.5 80 159.4v42.1H14v97.8H80z\"\/><\/svg><\/div><\/span><\/a><\/div>\n\n\n\n<div class=\"wp-block-stackable-icon-button stk-block-icon-button stk-block stk-4990965\" data-block-id=\"4990965\"><style>.stk-4990965 .stk-button{background:#00000000 !important;}.stk-4990965 .stk-button .stk--inner-svg svg:last-child{height:24px !important;width:24px !important;}<\/style><a class=\"stk-link stk-button stk--hover-effect-darken\" href=\"https:\/\/www.instagram.com\/tenniscoach.se\/\" target=\"_blank\" rel=\"noreferrer noopener\"><span class=\"stk--svg-wrapper\"><div class=\"stk--inner-svg\"><svg data-prefix=\"fab\" data-icon=\"instagram\" class=\"svg-inline--fa fa-instagram fa-w-14\" xmlns=\"http:\/\/www.w3.org\/2000\/svg\" viewbox=\"0 0 448 512\" aria-hidden=\"true\" width=\"32\" height=\"32\"><path fill=\"currentColor\" d=\"M224.1 141c-63.6 0-114.9 51.3-114.9 114.9s51.3 114.9 114.9 114.9S339 319.5 339 255.9 287.7 141 224.1 141zm0 189.6c-41.1 0-74.7-33.5-74.7-74.7s33.5-74.7 74.7-74.7 74.7 33.5 74.7 74.7-33.6 74.7-74.7 74.7zm146.4-194.3c0 14.9-12 26.8-26.8 26.8-14.9 0-26.8-12-26.8-26.8s12-26.8 26.8-26.8 26.8 12 26.8 26.8zm76.1 27.2c-1.7-35.9-9.9-67.7-36.2-93.9-26.2-26.2-58-34.4-93.9-36.2-37-2.1-147.9-2.1-184.9 0-35.8 1.7-67.6 9.9-93.9 36.1s-34.4 58-36.2 93.9c-2.1 37-2.1 147.9 0 184.9 1.7 35.9 9.9 67.7 36.2 93.9s58 34.4 93.9 36.2c37 2.1 147.9 2.1 184.9 0 35.9-1.7 67.7-9.9 93.9-36.2 26.2-26.2 34.4-58 36.2-93.9 2.1-37 2.1-147.8 0-184.8zM398.8 388c-7.8 19.6-22.9 34.7-42.6 42.6-29.5 11.7-99.5 9-132.1 9s-102.7 2.6-132.1-9c-19.6-7.8-34.7-22.9-42.6-42.6-11.7-29.5-9-99.5-9-132.1s-2.6-102.7 9-132.1c7.8-19.6 22.9-34.7 42.6-42.6 29.5-11.7 99.5-9 132.1-9s102.7-2.6 132.1 9c19.6 7.8 34.7 22.9 42.6 42.6 11.7 29.5 9 99.5 9 132.1s2.7 102.7-9 132.1z\"><\/path><\/svg><\/div><\/span><\/a><\/div>\n\n\n\n<div class=\"wp-block-stackable-icon-button stk-block-icon-button stk-block stk-78fca35\" data-block-id=\"78fca35\"><style>.stk-78fca35 .stk-button{background:#00000000 !important;}.stk-78fca35 .stk-button .stk--inner-svg svg:last-child{height:24px !important;width:24px !important;}.stk-78fca35 .stk-button .stk--inner-svg svg:last-child, .stk-78fca35 .stk-button .stk--inner-svg svg:last-child :is(g, path, rect, polygon, ellipse){fill:#ffffff !important;}<\/style><a class=\"stk-link stk-button stk--hover-effect-darken\" href=\"https:\/\/x.com\/tenniscoach_se\" target=\"_blank\" rel=\"noreferrer noopener\"><span class=\"stk--svg-wrapper\"><div class=\"stk--inner-svg\"><svg xmlns=\"http:\/\/www.w3.org\/2000\/svg\" viewbox=\"0 0 512 512\" aria-hidden=\"true\" width=\"32\" height=\"32\"><path d=\"M389.2 48h70.6L305.6 224.2 487 464H345L233.7 318.6 106.5 464H35.8L200.7 275.5 26.8 48H172.4L272.9 180.9 389.2 48zM364.4 421.8h39.1L151.1 88h-42L364.4 421.8z\"\/><\/svg><\/div><\/span><\/a><\/div>\n\n\n\n<div class=\"wp-block-stackable-icon-button stk-block-icon-button stk-block stk-98b67b2\" data-block-id=\"98b67b2\"><style>.stk-98b67b2 .stk-button{background:#00000000 !important;}.stk-98b67b2 .stk-button .stk--inner-svg svg:last-child{height:24px !important;width:24px !important;}<\/style><a class=\"stk-link stk-button stk--hover-effect-darken\" href=\"https:\/\/www.tiktok.com\/@tenniscoach.se\" target=\"_blank\" rel=\"noreferrer noopener\"><span class=\"stk--svg-wrapper\"><div class=\"stk--inner-svg\"><svg xmlns=\"http:\/\/www.w3.org\/2000\/svg\" viewbox=\"0 0 448 512\" aria-hidden=\"true\" width=\"32\" height=\"32\"><path d=\"M448,209.91a210.06,210.06,0,0,1-122.77-39.25V349.38A162.55,162.55,0,1,1,185,188.31V278.2a74.62,74.62,0,1,0,52.23,71.18V0l88,0a121.18,121.18,0,0,0,1.86,22.17h0A122.18,122.18,0,0,0,381,102.39a121.43,121.43,0,0,0,67,20.14Z\"\/><\/svg><\/div><\/span><\/a><\/div>\n\n\n\n<div class=\"wp-block-stackable-icon-button stk-block-icon-button stk-block stk-54af0a7\" data-block-id=\"54af0a7\"><style>.stk-54af0a7 .stk-button{background:#00000000 !important;}.stk-54af0a7 .stk-button .stk--inner-svg svg:last-child{height:24px !important;width:24px !important;}<\/style><a class=\"stk-link stk-button stk--hover-effect-darken\" href=\"https:\/\/www.youtube.com\/@tenniscoach_se\" target=\"_blank\" rel=\"noreferrer noopener\"><span class=\"stk--svg-wrapper\"><div class=\"stk--inner-svg\"><svg data-prefix=\"fab\" data-icon=\"youtube\" class=\"svg-inline--fa fa-youtube fa-w-18\" xmlns=\"http:\/\/www.w3.org\/2000\/svg\" viewbox=\"0 0 576 512\" aria-hidden=\"true\" width=\"32\" height=\"32\"><path fill=\"currentColor\" d=\"M549.655 124.083c-6.281-23.65-24.787-42.276-48.284-48.597C458.781 64 288 64 288 64S117.22 64 74.629 75.486c-23.497 6.322-42.003 24.947-48.284 48.597-11.412 42.867-11.412 132.305-11.412 132.305s0 89.438 11.412 132.305c6.281 23.65 24.787 41.5 48.284 47.821C117.22 448 288 448 288 448s170.78 0 213.371-11.486c23.497-6.321 42.003-24.171 48.284-47.821 11.412-42.867 11.412-132.305 11.412-132.305s0-89.438-11.412-132.305zm-317.51 213.508V175.185l142.739 81.205-142.739 81.201z\"><\/path><\/svg><\/div><\/span><\/a><\/div>\n<\/div><\/div>\n<\/div><\/div><\/div>\n<\/div><\/div>\n\n\n\n<div class=\"wp-block-stackable-spacer stk-block-spacer stk--no-padding stk-block stk-351fd8a\" data-block-id=\"351fd8a\"><style>.stk-351fd8a {height:55px !important;}@media screen and (max-width:999px){.stk-351fd8a {height:70px !important;}}<\/style><\/div>\n\n\n\n<h3 class=\"wp-block-heading\">In the ROG world, the biggest hurdle is often the parents&#8217; transition from &#8220;recreational&#8221; to &#8220;competitive&#8221; thinking. This consensus addresses that directly.<\/h3>\n\n\n\n<h3 class=\"wp-block-heading\"><strong>I. Purpose of the Elite Team<\/strong><\/h3>\n\n\n\n<p>The Elite Team is a specialized track within our academy designed for players who demonstrate not only technical potential but a primary desire to pursue tennis as their lead sport. This is a performance-based group with rigorous standards for entry and retention.<\/p>\n\n\n\n<h3 class=\"wp-block-heading\"><strong>II. The &#8220;5-Tournament&#8221; Mandate<\/strong><\/h3>\n\n\n\n<p>To remain a member of the Elite Team, the following competitive requirements must be met:<\/p>\n\n\n\n<ul class=\"wp-block-list\">\n<li><strong>Minimum Participation:<\/strong> Every player must compete in a minimum of <strong>five (5) sanctioned ROG tournaments per 16-week semester<\/strong>.<\/li>\n\n\n\n<li><strong>Parental Administration:<\/strong> It is the sole responsibility of the parents to register the player for these events, handle logistics, and ensure the player arrives at the designated warm-up time.<\/li>\n\n\n\n<li><strong>Outcome Focus:<\/strong> Coaches will review the &#8220;Match Logs&#8221; after each event. The focus is not on winning, but on the application of the specific ROG tactical goals (e.g., &#8220;The Hunter&#8221; mentality in Orange stage).<\/li>\n<\/ul>\n\n\n\n<h3 class=\"wp-block-heading\"><strong>III. Eligibility &amp; &#8220;Club-Standard&#8221; Verification<\/strong><\/h3>\n\n\n\n<p>In alignment with international high-performance standards, our academy reserves the right to perform additional checks before a player is accepted into the Elite Team:<\/p>\n\n\n\n<ol start=\"1\" class=\"wp-block-list\">\n<li><strong>Technical Evaluation:<\/strong> A mandatory 2-hour assessment by the Head Coach to ensure &#8220;Grip Integrity&#8221; and &#8220;Movement Mechanics&#8221; are at a regional competitive level.<\/li>\n\n\n\n<li><strong>External Club Benchmarking:<\/strong> We conduct research into the standards of other leading international clubs. To be part of this team, players must meet or exceed the fitness and technical benchmarks of our peer &#8220;Competing Teams&#8221; across the region.<\/li>\n\n\n\n<li><strong>Behavioral Audit:<\/strong> Review of the player\u2019s focus and &#8220;coachability&#8221; during the previous semester.<\/li>\n<\/ol>\n\n\n\n<h3 class=\"wp-block-heading\"><strong>IV. Parental Commitment<\/strong><\/h3>\n\n\n\n<p>By enrolling your child in the Elite Team, you agree to:<\/p>\n\n\n\n<ul class=\"wp-block-list\">\n<li><strong>The 24-Hour Rule:<\/strong> Refrain from discussing match results or coaching decisions with the staff until 24 hours after a tournament.<\/li>\n\n\n\n<li><strong>Logistics Support:<\/strong> Provide the coaching staff with tournament draws and schedules at least 7 days in advance.<\/li>\n\n\n\n<li><strong>The Long-Term View:<\/strong> Accept that players will stay in their designated ROG ball color until they have mastered the curriculum, regardless of their age or what other clubs may be doing.<\/li>\n<\/ul>\n\n\n\n<figure class=\"wp-block-table\"><table class=\"has-fixed-layout\"><thead><tr><td><strong>Requirement<\/strong><\/td><td><strong>Standard<\/strong><\/td><\/tr><\/thead><tbody><tr><td><strong>Commitment<\/strong><\/td><td>5 Tournaments per semester<\/td><\/tr><tr><td><strong>Evaluation<\/strong><\/td><td>Passed &#8220;Elite Technical Review&#8221;<\/td><\/tr><tr><td><strong>Comparison<\/strong><\/td><td>Meets\/Exceeds peer club competitive standards<\/td><\/tr><tr><td><strong>Conduct<\/strong><\/td><td>Signed Parent &amp; Player Code of Conduct<\/td><\/tr><\/tbody><\/table><\/figure>\n\n\n\n<p><strong>Acknowledgment:<\/strong> <em>I understand that the Elite Team is a privilege based on effort, competitive participation, and adherence to the ROG methodology. Failure to meet the 5-tournament minimum may result in a transition back to the Developmental Program.<\/em><\/p>\n\n\n\n<p><\/p>","protected":false},"excerpt":{"rendered":"<p>The elite team standards: Our commitment to competitive excellence This document serves as a guide to ensure that the parents&#8217; commitment matches the high-performance expectations of the academy. Join over 300,000 passionate tennis players who already follow us on social media and experience tennis like never before! In the ROG world, the biggest hurdle is [&hellip;]<\/p>\n","protected":false},"author":1,"featured_media":0,"parent":0,"menu_order":0,"comment_status":"closed","ping_status":"closed","template":"","meta":{"content-type":"","footnotes":""},"class_list":["post-1729","page","type-page","status-publish","hentry"],"blocksy_meta":[],"_links":{"self":[{"href":"https:\/\/tenniscoach.se\/sv\/wp-json\/wp\/v2\/pages\/1729","targetHints":{"allow":["GET"]}}],"collection":[{"href":"https:\/\/tenniscoach.se\/sv\/wp-json\/wp\/v2\/pages"}],"about":[{"href":"https:\/\/tenniscoach.se\/sv\/wp-json\/wp\/v2\/types\/page"}],"author":[{"embeddable":true,"href":"https:\/\/tenniscoach.se\/sv\/wp-json\/wp\/v2\/users\/1"}],"replies":[{"embeddable":true,"href":"https:\/\/tenniscoach.se\/sv\/wp-json\/wp\/v2\/comments?post=1729"}],"version-history":[{"count":5,"href":"https:\/\/tenniscoach.se\/sv\/wp-json\/wp\/v2\/pages\/1729\/revisions"}],"predecessor-version":[{"id":1779,"href":"https:\/\/tenniscoach.se\/sv\/wp-json\/wp\/v2\/pages\/1729\/revisions\/1779"}],"wp:attachment":[{"href":"https:\/\/tenniscoach.se\/sv\/wp-json\/wp\/v2\/media?parent=1729"}],"curies":[{"name":"wp","href":"https:\/\/api.w.org\/{rel}","templated":true}]}}